{"id":8,"date":"2020-05-09T14:46:58","date_gmt":"2020-05-09T17:46:58","guid":{"rendered":"https:\/\/sambapunk.com.br\/?page_id=8"},"modified":"2020-05-09T14:46:58","modified_gmt":"2020-05-09T17:46:58","slug":"contato","status":"publish","type":"page","link":"https:\/\/sambapunk.com.br\/?page_id=8","title":{"rendered":"Contato"},"content":{"rendered":"\n<p>Esta \u00e9 uma p\u00e1gina com algumas informa\u00e7\u00f5es b\u00e1sicas de contato, como um endere\u00e7o e n\u00famero de telefone. Voc\u00ea tamb\u00e9m pode experimentar usar um plugin para adicionar um formul\u00e1rio de contato.<\/p>\n","protected":false},"excerpt":{"rendered":"<p>Esta \u00e9 uma p\u00e1gina com algumas informa\u00e7\u00f5es b\u00e1sicas de contato, como um endere\u00e7o e n\u00famero de telefone. Voc\u00ea tamb\u00e9m pode experimentar usar um plugin para adicionar um formul\u00e1rio de contato.<\/p>\n","protected":false},"author":1,"featured_media":0,"parent":0,"menu_order":0,"comment_status":"closed","ping_status":"closed","template":"","meta":{"footnotes":""},"class_list":["post-8","page","type-page","status-publish","hentry"],"yoast_head":"<!-- This site is optimized with the Yoast SEO plugin v14.0.4 - https:\/\/yoast.com\/wordpress\/plugins\/seo\/ -->\n<title>Contato - sambapunk<\/title>\n<meta name=\"robots\" content=\"index, follow\" \/>\n<meta name=\"googlebot\" content=\"index, follow, max-snippet:-1, max-image-preview:large, max-video-preview:-1\" \/>\n<meta name=\"bingbot\" content=\"index, follow, max-snippet:-1, max-image-preview:large, max-video-preview:-1\" \/>\n<link rel=\"canonical\" href=\"https:\/\/sambapunk.com.br\/?page_id=8\" \/>\n<meta property=\"og:locale\" content=\"pt_BR\" \/>\n<meta property=\"og:type\" content=\"article\" \/>\n<meta property=\"og:title\" content=\"Contato - sambapunk\" \/>\n<meta property=\"og:description\" content=\"Esta \u00e9 uma p\u00e1gina com algumas informa\u00e7\u00f5es b\u00e1sicas de contato, como um endere\u00e7o e n\u00famero de telefone. Voc\u00ea tamb\u00e9m pode experimentar usar um plugin para adicionar um formul\u00e1rio de contato.\" \/>\n<meta property=\"og:url\" content=\"https:\/\/sambapunk.com.br\/?page_id=8\" \/>\n<meta property=\"og:site_name\" content=\"sambapunk\" \/>\n<meta name=\"twitter:card\" content=\"summary_large_image\" \/>\n<script type=\"application\/ld+json\" class=\"yoast-schema-graph\">{\"@context\":\"https:\/\/schema.org\",\"@graph\":[{\"@type\":\"WebSite\",\"@id\":\"https:\/\/sambapunk.com.br\/#website\",\"url\":\"https:\/\/sambapunk.com.br\/\",\"name\":\"sambapunk\",\"description\":\"\",\"potentialAction\":[{\"@type\":\"SearchAction\",\"target\":\"https:\/\/sambapunk.com.br\/?s={search_term_string}\",\"query-input\":\"required name=search_term_string\"}],\"inLanguage\":\"pt-BR\"},{\"@type\":\"WebPage\",\"@id\":\"https:\/\/sambapunk.com.br\/?page_id=8#webpage\",\"url\":\"https:\/\/sambapunk.com.br\/?page_id=8\",\"name\":\"Contato - sambapunk\",\"isPartOf\":{\"@id\":\"https:\/\/sambapunk.com.br\/#website\"},\"datePublished\":\"2020-05-09T17:46:58+00:00\",\"dateModified\":\"2020-05-09T17:46:58+00:00\",\"inLanguage\":\"pt-BR\",\"potentialAction\":[{\"@type\":\"ReadAction\",\"target\":[\"https:\/\/sambapunk.com.br\/?page_id=8\"]}]}]}<\/script>\n<!-- \/ Yoast SEO plugin. -->","_links":{"self":[{"href":"https:\/\/sambapunk.com.br\/index.php?rest_route=\/wp\/v2\/pages\/8","targetHints":{"allow":["GET"]}}],"collection":[{"href":"https:\/\/sambapunk.com.br\/index.php?rest_route=\/wp\/v2\/pages"}],"about":[{"href":"https:\/\/sambapunk.com.br\/index.php?rest_route=\/wp\/v2\/types\/page"}],"author":[{"embeddable":true,"href":"https:\/\/sambapunk.com.br\/index.php?rest_route=\/wp\/v2\/users\/1"}],"replies":[{"embeddable":true,"href":"https:\/\/sambapunk.com.br\/index.php?rest_route=%2Fwp%2Fv2%2Fcomments&post=8"}],"version-history":[{"count":1,"href":"https:\/\/sambapunk.com.br\/index.php?rest_route=\/wp\/v2\/pages\/8\/revisions"}],"predecessor-version":[{"id":13,"href":"https:\/\/sambapunk.com.br\/index.php?rest_route=\/wp\/v2\/pages\/8\/revisions\/13"}],"wp:attachment":[{"href":"https:\/\/sambapunk.com.br\/index.php?rest_route=%2Fwp%2Fv2%2Fmedia&parent=8"}],"curies":[{"name":"wp","href":"https:\/\/api.w.org\/{rel}","templated":true}]}}