{"id":7,"date":"2020-05-09T14:46:58","date_gmt":"2020-05-09T17:46:58","guid":{"rendered":"https:\/\/sambapunk.com.br\/?page_id=7"},"modified":"2020-05-11T19:36:39","modified_gmt":"2020-05-11T22:36:39","slug":"sobre","status":"publish","type":"page","link":"https:\/\/sambapunk.com.br\/?page_id=7","title":{"rendered":"Sobre"},"content":{"rendered":"\n<p>Sabe? Basicamente, \u00e9 bem um fanzine. Do jornalismo \u00e0 literatice, passando por pingue-pongues, poesias, desenhos e um punhado de rabiscos, caligrafia e lettering, opini\u00f5es e &#8220;umbigadas&#8221;, arte seja esquema street ou outros mais formais. Isso tudo e o que mais pintar, revisitando uma paix\u00e3o-fetiche por p\u00e1ginas xerocadas, colagens, arte postal e o escambau. Se p\u00e1, comilan\u00e7as e bebericagens. O que der e vier, sempre na vibra\u00e7\u00e3o do amor.<\/p>\n","protected":false},"excerpt":{"rendered":"<p>Sabe? Basicamente, \u00e9 bem um fanzine. Do jornalismo \u00e0 literatice, passando por pingue-pongues, poesias, desenhos e um punhado de rabiscos, caligrafia e lettering, opini\u00f5es e &#8220;umbigadas&#8221;, arte seja esquema street ou outros mais formais. Isso tudo e o que mais pintar, revisitando uma paix\u00e3o-fetiche por p\u00e1ginas xerocadas, colagens, arte postal e o escambau. Se p\u00e1, [&hellip;]<\/p>\n","protected":false},"author":1,"featured_media":0,"parent":0,"menu_order":0,"comment_status":"closed","ping_status":"closed","template":"","meta":{"footnotes":""},"class_list":["post-7","page","type-page","status-publish","hentry"],"yoast_head":"<!-- This site is optimized with the Yoast SEO plugin v14.0.4 - https:\/\/yoast.com\/wordpress\/plugins\/seo\/ -->\n<title>Sobre - sambapunk<\/title>\n<meta name=\"robots\" content=\"index, follow\" \/>\n<meta name=\"googlebot\" content=\"index, follow, max-snippet:-1, max-image-preview:large, max-video-preview:-1\" \/>\n<meta name=\"bingbot\" content=\"index, follow, max-snippet:-1, max-image-preview:large, max-video-preview:-1\" \/>\n<link rel=\"canonical\" href=\"https:\/\/sambapunk.com.br\/?page_id=7\" \/>\n<meta property=\"og:locale\" content=\"pt_BR\" \/>\n<meta property=\"og:type\" content=\"article\" \/>\n<meta property=\"og:title\" content=\"Sobre - sambapunk\" \/>\n<meta property=\"og:description\" content=\"Sabe? Basicamente, \u00e9 bem um fanzine. Do jornalismo \u00e0 literatice, passando por pingue-pongues, poesias, desenhos e um punhado de rabiscos, caligrafia e lettering, opini\u00f5es e &#8220;umbigadas&#8221;, arte seja esquema street ou outros mais formais. Isso tudo e o que mais pintar, revisitando uma paix\u00e3o-fetiche por p\u00e1ginas xerocadas, colagens, arte postal e o escambau. Se p\u00e1, [&hellip;]\" \/>\n<meta property=\"og:url\" content=\"https:\/\/sambapunk.com.br\/?page_id=7\" \/>\n<meta property=\"og:site_name\" content=\"sambapunk\" \/>\n<meta property=\"article:modified_time\" content=\"2020-05-11T22:36:39+00:00\" \/>\n<meta name=\"twitter:card\" content=\"summary_large_image\" \/>\n<script type=\"application\/ld+json\" class=\"yoast-schema-graph\">{\"@context\":\"https:\/\/schema.org\",\"@graph\":[{\"@type\":\"WebSite\",\"@id\":\"https:\/\/sambapunk.com.br\/#website\",\"url\":\"https:\/\/sambapunk.com.br\/\",\"name\":\"sambapunk\",\"description\":\"\",\"potentialAction\":[{\"@type\":\"SearchAction\",\"target\":\"https:\/\/sambapunk.com.br\/?s={search_term_string}\",\"query-input\":\"required name=search_term_string\"}],\"inLanguage\":\"pt-BR\"},{\"@type\":\"WebPage\",\"@id\":\"https:\/\/sambapunk.com.br\/?page_id=7#webpage\",\"url\":\"https:\/\/sambapunk.com.br\/?page_id=7\",\"name\":\"Sobre - sambapunk\",\"isPartOf\":{\"@id\":\"https:\/\/sambapunk.com.br\/#website\"},\"datePublished\":\"2020-05-09T17:46:58+00:00\",\"dateModified\":\"2020-05-11T22:36:39+00:00\",\"inLanguage\":\"pt-BR\",\"potentialAction\":[{\"@type\":\"ReadAction\",\"target\":[\"https:\/\/sambapunk.com.br\/?page_id=7\"]}]}]}<\/script>\n<!-- \/ Yoast SEO plugin. -->","_links":{"self":[{"href":"https:\/\/sambapunk.com.br\/index.php?rest_route=\/wp\/v2\/pages\/7","targetHints":{"allow":["GET"]}}],"collection":[{"href":"https:\/\/sambapunk.com.br\/index.php?rest_route=\/wp\/v2\/pages"}],"about":[{"href":"https:\/\/sambapunk.com.br\/index.php?rest_route=\/wp\/v2\/types\/page"}],"author":[{"embeddable":true,"href":"https:\/\/sambapunk.com.br\/index.php?rest_route=\/wp\/v2\/users\/1"}],"replies":[{"embeddable":true,"href":"https:\/\/sambapunk.com.br\/index.php?rest_route=%2Fwp%2Fv2%2Fcomments&post=7"}],"version-history":[{"count":8,"href":"https:\/\/sambapunk.com.br\/index.php?rest_route=\/wp\/v2\/pages\/7\/revisions"}],"predecessor-version":[{"id":47,"href":"https:\/\/sambapunk.com.br\/index.php?rest_route=\/wp\/v2\/pages\/7\/revisions\/47"}],"wp:attachment":[{"href":"https:\/\/sambapunk.com.br\/index.php?rest_route=%2Fwp%2Fv2%2Fmedia&parent=7"}],"curies":[{"name":"wp","href":"https:\/\/api.w.org\/{rel}","templated":true}]}}